{"id":582,"date":"2021-03-02T19:54:19","date_gmt":"2021-03-02T19:54:19","guid":{"rendered":"https:\/\/bomar.az.pl\/?page_id=582"},"modified":"2023-06-14T13:51:33","modified_gmt":"2023-06-14T13:51:33","slug":"die-werkzeugbauabteilung","status":"publish","type":"page","link":"https:\/\/bomar.az.pl\/de\/die-werkzeugbauabteilung\/","title":{"rendered":"Die Werkzeugbauabteilung"},"content":{"rendered":"<style>.wp-block-kadence-spacer.kt-block-spacer-_bf52d8-e1 .kt-block-spacer{height:60px;}.wp-block-kadence-spacer.kt-block-spacer-_bf52d8-e1 .kt-divider{border-top-width:1px;height:1px;border-top-color:#eee;width:80%;border-top-style:solid;}<\/style>\n<div class=\"wp-block-kadence-spacer aligncenter kt-block-spacer-_bf52d8-e1\"><div class=\"kt-block-spacer kt-block-spacer-halign-center\"><hr class=\"kt-divider\"\/><\/div><\/div>\n\n\n\n<p>F\u00fcr die Bed\u00fcrfnisse unserer Kunden bieten wir auch Werkzeugbau-Dienstleistungen an. Nach Erhalt einer Bestellung vom Kunden f\u00fcr die Produktion eines Bauteils konstruieren und bauen wir vollst\u00e4ndige Werkzeuge, die genau auf die Anforderungen des Kunden zugeschnitten sind. Wir k\u00fcmmern uns um den gesamten Prozess von der Konstruktion bis zur Herstellung von Mehrstationen-Werkzeugen.<\/p>\n\n\n<style>.wp-block-kadence-advancedgallery.kb-gallery-wrap-id-_e52e5f-30{margin-top:50px;margin-right:50px;margin-bottom:50px;margin-left:50px;}.wp-block-kadence-advancedgallery .kb-gallery-type-masonry.kb-gallery-id-_e52e5f-30{margin:-12px;}.kb-gallery-type-masonry.kb-gallery-id-_e52e5f-30 .kadence-blocks-gallery-item{padding:12px;}.kb-gallery-id-_e52e5f-30 .kadence-blocks-gallery-item .kb-gal-image-radius, .kb-gallery-id-_e52e5f-30 .kb-slide-item .kb-gal-image-radius img{border-radius:0px 0px 0px 0px;;}<\/style><div class=\"kb-gallery-wrap-id-_e52e5f-30 alignnone wp-block-kadence-advancedgallery\"><ul class=\"kb-gallery-ul kb-gallery-non-static kb-gallery-type-masonry kb-masonry-init kb-gallery-id-_e52e5f-30 kb-gallery-caption-style-bottom-hover kb-gallery-filter-none\" data-image-filter=\"none\" data-item-selector=\".kadence-blocks-gallery-item\" data-lightbox-caption=\"true\" data-columns-xxl=\"4\" data-columns-xl=\"4\" data-columns-md=\"4\" data-columns-sm=\"3\" data-columns-xs=\"2\" data-columns-ss=\"2\"><li class=\"kadence-blocks-gallery-item\"><div class=\"kadence-blocks-gallery-item-inner\"><figure class=\"kb-gallery-figure kadence-blocks-gallery-item-hide-caption\" \"><div class=\"kb-gal-image-radius\"><div class=\"kb-gallery-image-contain\" ><img loading=\"lazy\" decoding=\"async\" width=\"250\" height=\"308\" src=\"https:\/\/bomar.az.pl\/wp-content\/uploads\/2021\/03\/charnilles.jpg\"   alt=\"\" data-full-image=\"https:\/\/bomar.az.pl\/wp-content\/uploads\/2021\/03\/charnilles.jpg\" data-light-image=\"https:\/\/bomar.az.pl\/wp-content\/uploads\/2021\/03\/charnilles.jpg\" data-id=\"131\" class=\"wp-image-131\" srcset=\"https:\/\/bomar.az.pl\/wp-content\/uploads\/2021\/03\/charnilles.jpg 250w, https:\/\/bomar.az.pl\/wp-content\/uploads\/2021\/03\/charnilles-244x300.jpg 244w\" sizes=\"auto, (max-width: 250px) 100vw, 250px\" \/><\/div><\/div><\/figure><\/div><\/li><li class=\"kadence-blocks-gallery-item\"><div class=\"kadence-blocks-gallery-item-inner\"><figure class=\"kb-gallery-figure kadence-blocks-gallery-item-hide-caption\" \"><div class=\"kb-gal-image-radius\"><div class=\"kb-gallery-image-contain\" ><img loading=\"lazy\" decoding=\"async\" width=\"250\" height=\"307\" src=\"https:\/\/bomar.az.pl\/wp-content\/uploads\/2021\/03\/maszyna2_b.jpg\"   alt=\"\" data-full-image=\"https:\/\/bomar.az.pl\/wp-content\/uploads\/2021\/03\/maszyna2_b.jpg\" data-light-image=\"https:\/\/bomar.az.pl\/wp-content\/uploads\/2021\/03\/maszyna2_b.jpg\" data-id=\"132\" class=\"wp-image-132\" srcset=\"https:\/\/bomar.az.pl\/wp-content\/uploads\/2021\/03\/maszyna2_b.jpg 250w, https:\/\/bomar.az.pl\/wp-content\/uploads\/2021\/03\/maszyna2_b-244x300.jpg 244w\" sizes=\"auto, (max-width: 250px) 100vw, 250px\" \/><\/div><\/div><\/figure><\/div><\/li><li class=\"kadence-blocks-gallery-item\"><div class=\"kadence-blocks-gallery-item-inner\"><figure class=\"kb-gallery-figure kadence-blocks-gallery-item-hide-caption\" \"><div class=\"kb-gal-image-radius\"><div class=\"kb-gallery-image-contain\" ><img loading=\"lazy\" decoding=\"async\" width=\"600\" height=\"470\" src=\"https:\/\/bomar.az.pl\/wp-content\/uploads\/2021\/03\/tn_FNE-50P-new-color.jpg\"   alt=\"\" data-full-image=\"https:\/\/bomar.az.pl\/wp-content\/uploads\/2021\/03\/tn_FNE-50P-new-color.jpg\" data-light-image=\"https:\/\/bomar.az.pl\/wp-content\/uploads\/2021\/03\/tn_FNE-50P-new-color.jpg\" data-id=\"133\" class=\"wp-image-133\" srcset=\"https:\/\/bomar.az.pl\/wp-content\/uploads\/2021\/03\/tn_FNE-50P-new-color.jpg 600w, https:\/\/bomar.az.pl\/wp-content\/uploads\/2021\/03\/tn_FNE-50P-new-color-300x235.jpg 300w\" sizes=\"auto, (max-width: 600px) 100vw, 600px\" \/><\/div><\/div><\/figure><\/div><\/li><li class=\"kadence-blocks-gallery-item\"><div class=\"kadence-blocks-gallery-item-inner\"><figure class=\"kb-gallery-figure kadence-blocks-gallery-item-hide-caption\" \"><div class=\"kb-gal-image-radius\"><div class=\"kb-gallery-image-contain\" ><img loading=\"lazy\" decoding=\"async\" width=\"580\" height=\"457\" src=\"https:\/\/bomar.az.pl\/wp-content\/uploads\/2021\/03\/wycinarka-drutowa-CUTP-550-1.jpg\"   alt=\"\" data-full-image=\"https:\/\/bomar.az.pl\/wp-content\/uploads\/2021\/03\/wycinarka-drutowa-CUTP-550-1.jpg\" data-light-image=\"https:\/\/bomar.az.pl\/wp-content\/uploads\/2021\/03\/wycinarka-drutowa-CUTP-550-1.jpg\" data-id=\"258\" class=\"wp-image-258\" srcset=\"https:\/\/bomar.az.pl\/wp-content\/uploads\/2021\/03\/wycinarka-drutowa-CUTP-550-1.jpg 580w, https:\/\/bomar.az.pl\/wp-content\/uploads\/2021\/03\/wycinarka-drutowa-CUTP-550-1-300x236.jpg 300w\" sizes=\"auto, (max-width: 580px) 100vw, 580px\" \/><\/div><\/div><\/figure><\/div><\/li><\/ul><\/div>","protected":false},"excerpt":{"rendered":"<p>F\u00fcr die Bed\u00fcrfnisse unserer Kunden bieten wir auch Werkzeugbau-Dienstleistungen an. Nach Erhalt einer Bestellung vom Kunden f\u00fcr die Produktion eines Bauteils konstruieren und bauen wir vollst\u00e4ndige Werkzeuge, die genau auf die Anforderungen des Kunden zugeschnitten sind. Wir k\u00fcmmern uns um &hellip; <a href=\"https:\/\/bomar.az.pl\/de\/die-werkzeugbauabteilung\/\">Weiterlesen<\/a><\/p>\n","protected":false},"author":1,"featured_media":0,"parent":0,"menu_order":0,"comment_status":"closed","ping_status":"closed","template":"","meta":{"kt_blocks_editor_width":"","footnotes":""},"class_list":["post-582","page","type-page","status-publish","hentry"],"_links":{"self":[{"href":"https:\/\/bomar.az.pl\/de\/wp-json\/wp\/v2\/pages\/582","targetHints":{"allow":["GET"]}}],"collection":[{"href":"https:\/\/bomar.az.pl\/de\/wp-json\/wp\/v2\/pages"}],"about":[{"href":"https:\/\/bomar.az.pl\/de\/wp-json\/wp\/v2\/types\/page"}],"author":[{"embeddable":true,"href":"https:\/\/bomar.az.pl\/de\/wp-json\/wp\/v2\/users\/1"}],"replies":[{"embeddable":true,"href":"https:\/\/bomar.az.pl\/de\/wp-json\/wp\/v2\/comments?post=582"}],"version-history":[{"count":1,"href":"https:\/\/bomar.az.pl\/de\/wp-json\/wp\/v2\/pages\/582\/revisions"}],"predecessor-version":[{"id":583,"href":"https:\/\/bomar.az.pl\/de\/wp-json\/wp\/v2\/pages\/582\/revisions\/583"}],"wp:attachment":[{"href":"https:\/\/bomar.az.pl\/de\/wp-json\/wp\/v2\/media?parent=582"}],"curies":[{"name":"wp","href":"https:\/\/api.w.org\/{rel}","templated":true}]}}